{"id":1149,"date":"2025-08-20T10:05:04","date_gmt":"2025-08-20T13:05:04","guid":{"rendered":"https:\/\/boldpropaganda.com.br\/?page_id=1037"},"modified":"2025-08-29T11:39:34","modified_gmt":"2025-08-29T14:39:34","slug":"marketing-digital","status":"publish","type":"page","link":"https:\/\/agro.boldpropaganda.com.br\/index.php\/marketing-digital\/","title":{"rendered":"MARKETING DIGITAL"},"content":{"rendered":"\t\t<div data-elementor-type=\"wp-page\" data-elementor-id=\"1149\" class=\"elementor elementor-1149\" data-elementor-post-type=\"page\">\n\t\t\t\t<div data-particle_enable=\"false\" data-particle-mobile-disabled=\"false\" class=\"elementor-element elementor-element-9b8a2ef e-flex e-con-boxed e-con e-parent\" data-id=\"9b8a2ef\" data-element_type=\"container\" data-settings=\"{&quot;background_background&quot;:&quot;classic&quot;}\">\n\t\t\t\t\t<div class=\"e-con-inner\">\n\t\t<div data-particle_enable=\"false\" data-particle-mobile-disabled=\"false\" class=\"elementor-element elementor-element-6006a3e e-con-full e-flex e-con e-child\" data-id=\"6006a3e\" data-element_type=\"container\">\n\t\t\t\t<div class=\"elementor-element elementor-element-e7a5e03 elementor-widget elementor-widget-heading\" data-id=\"e7a5e03\" data-element_type=\"widget\" data-widget_type=\"heading.default\">\n\t\t\t\t<div class=\"elementor-widget-container\">\n\t\t\t\t\t<h2 class=\"elementor-heading-title elementor-size-default\"><b>Marketing Digital Bold,<\/b> resultados que conectam marcas e pessoas<\/h2>\t\t\t\t<\/div>\n\t\t\t\t<\/div>\n\t\t\t\t<div class=\"elementor-element elementor-element-8002760 elementor-widget elementor-widget-text-editor\" data-id=\"8002760\" data-element_type=\"widget\" data-widget_type=\"text-editor.default\">\n\t\t\t\t<div class=\"elementor-widget-container\">\n\t\t\t\t\t\t\t\t\t<p><span style=\"font-weight: 400;\">A Bold Propaganda amplia seu portf\u00f3lio com uma frente de Marketing Digital cada vez mais robusta, conduzida por um time de especialistas certificados, com experi\u00eancia comprovada em campanhas digitais de alta performance.<\/span><\/p><p><span style=\"font-weight: 400;\">Com uma atua\u00e7\u00e3o que integra online e offline, oferecemos estrat\u00e9gias digitais inteligentes: gest\u00e3o de tr\u00e1fego pago com foco em convers\u00e3o, cria\u00e7\u00e3o de campanhas eficazes e uma vis\u00e3o 360\u00ba para posicionar marcas no ambiente digital com a mesma solidez que conquistamos no f\u00edsico.<\/span><\/p>\t\t\t\t\t\t\t\t<\/div>\n\t\t\t\t<\/div>\n\t\t\t\t<\/div>\n\t\t<div data-particle_enable=\"false\" data-particle-mobile-disabled=\"false\" class=\"elementor-element elementor-element-c53c94b elementor-hidden-mobile e-flex e-con-boxed e-con e-child\" data-id=\"c53c94b\" data-element_type=\"container\" data-settings=\"{&quot;background_background&quot;:&quot;classic&quot;}\">\n\t\t\t\t\t<div class=\"e-con-inner\">\n\t\t\t\t<div class=\"elementor-element elementor-element-8399299 elementor-widget__width-initial elementor-widget elementor-widget-image\" data-id=\"8399299\" data-element_type=\"widget\" data-widget_type=\"image.default\">\n\t\t\t\t<div class=\"elementor-widget-container\">\n\t\t\t\t\t\t\t\t\t\t\t\t\t\t\t<img decoding=\"async\" src=\"https:\/\/boldpropaganda.com.br\/wp-content\/uploads\/2025\/08\/mao-de-obra-especializada.png\" title=\"\" alt=\"\" loading=\"lazy\" \/>\t\t\t\t\t\t\t\t\t\t\t\t\t\t\t<\/div>\n\t\t\t\t<\/div>\n\t\t\t\t\t<\/div>\n\t\t\t\t<\/div>\n\t\t\t\t\t<\/div>\n\t\t\t\t<\/div>\n\t\t<div data-particle_enable=\"false\" data-particle-mobile-disabled=\"false\" class=\"elementor-element elementor-element-2f6e9c0 e-con-full e-flex e-con e-parent\" data-id=\"2f6e9c0\" data-element_type=\"container\" data-settings=\"{&quot;background_background&quot;:&quot;classic&quot;}\">\n\t\t<div data-particle_enable=\"false\" data-particle-mobile-disabled=\"false\" class=\"elementor-element elementor-element-f4353c9 e-flex e-con-boxed e-con e-child\" data-id=\"f4353c9\" data-element_type=\"container\">\n\t\t\t\t\t<div class=\"e-con-inner\">\n\t\t<div data-particle_enable=\"false\" data-particle-mobile-disabled=\"false\" class=\"elementor-element elementor-element-ea9fc3c e-con-full e-flex e-con e-child\" data-id=\"ea9fc3c\" data-element_type=\"container\">\n\t\t\t\t<\/div>\n\t\t<div data-particle_enable=\"false\" data-particle-mobile-disabled=\"false\" class=\"elementor-element elementor-element-e06a091 e-con-full e-flex e-con e-child\" data-id=\"e06a091\" data-element_type=\"container\" id=\"container\">\n\t\t\t\t<div class=\"elementor-element elementor-element-4e8d460 elementor-widget elementor-widget-text-editor\" data-id=\"4e8d460\" data-element_type=\"widget\" data-widget_type=\"text-editor.default\">\n\t\t\t\t<div class=\"elementor-widget-container\">\n\t\t\t\t\t\t\t\t\t<p>Nosso trabalho vai al\u00e9m da m\u00eddia paga. Tamb\u00e9m entregamos solu\u00e7\u00f5es em cria\u00e7\u00e3o de sites e landing pages otimizados, al\u00e9m de implementa\u00e7\u00e3o de CRM integrada ao time comercial, garantindo que os leads gerados sejam acompanhados de ponta a ponta at\u00e9 a convers\u00e3o em vendas.<\/p><p>Nossa equipe de profissionais experientes e certificados pelo Google Ads e pela Meta Blueprint garante as melhores pr\u00e1ticas do mercado para campanhas de an\u00fancios nas redes de pesquisa do Google, assim como no Instagram e Facebook.<\/p>\t\t\t\t\t\t\t\t<\/div>\n\t\t\t\t<\/div>\n\t\t\t\t<\/div>\n\t\t\t\t\t<\/div>\n\t\t\t\t<\/div>\n\t\t\t\t<\/div>\n\t\t<div data-particle_enable=\"false\" data-particle-mobile-disabled=\"false\" class=\"elementor-element elementor-element-fd2106e e-flex e-con-boxed e-con e-parent\" data-id=\"fd2106e\" data-element_type=\"container\" data-settings=\"{&quot;background_background&quot;:&quot;classic&quot;}\">\n\t\t\t\t\t<div class=\"e-con-inner\">\n\t\t\t\t<div class=\"elementor-element elementor-element-fe9e06d elementor-widget elementor-widget-heading\" data-id=\"fe9e06d\" data-element_type=\"widget\" data-widget_type=\"heading.default\">\n\t\t\t\t<div class=\"elementor-widget-container\">\n\t\t\t\t\t<h2 class=\"elementor-heading-title elementor-size-default\">O QUE ENTREGAMOS<\/h2>\t\t\t\t<\/div>\n\t\t\t\t<\/div>\n\t\t\t\t<div class=\"elementor-element elementor-element-609f620 elementor-align-left elementor-icon-list--layout-traditional elementor-list-item-link-full_width elementor-widget elementor-widget-icon-list\" data-id=\"609f620\" data-element_type=\"widget\" data-widget_type=\"icon-list.default\">\n\t\t\t\t<div class=\"elementor-widget-container\">\n\t\t\t\t\t\t\t<ul class=\"elementor-icon-list-items\">\n\t\t\t\t\t\t\t<li class=\"elementor-icon-list-item\">\n\t\t\t\t\t\t\t\t\t\t\t<span class=\"elementor-icon-list-icon\">\n\t\t\t\t\t\t\t<svg aria-hidden=\"true\" class=\"e-font-icon-svg e-fas-check\" viewBox=\"0 0 512 512\" xmlns=\"http:\/\/www.w3.org\/2000\/svg\"><path d=\"M173.898 439.404l-166.4-166.4c-9.997-9.997-9.997-26.206 0-36.204l36.203-36.204c9.997-9.998 26.207-9.998 36.204 0L192 312.69 432.095 72.596c9.997-9.997 26.207-9.997 36.204 0l36.203 36.204c9.997 9.997 9.997 26.206 0 36.204l-294.4 294.401c-9.998 9.997-26.207 9.997-36.204-.001z\"><\/path><\/svg>\t\t\t\t\t\t<\/span>\n\t\t\t\t\t\t\t\t\t\t<span class=\"elementor-icon-list-text\">Campanhas de tr\u00e1fego pago no Google e Meta (Facebook &amp; Instagram)<\/span>\n\t\t\t\t\t\t\t\t\t<\/li>\n\t\t\t\t\t\t\t\t<li class=\"elementor-icon-list-item\">\n\t\t\t\t\t\t\t\t\t\t\t<span class=\"elementor-icon-list-icon\">\n\t\t\t\t\t\t\t<svg aria-hidden=\"true\" class=\"e-font-icon-svg e-fas-check\" viewBox=\"0 0 512 512\" xmlns=\"http:\/\/www.w3.org\/2000\/svg\"><path d=\"M173.898 439.404l-166.4-166.4c-9.997-9.997-9.997-26.206 0-36.204l36.203-36.204c9.997-9.998 26.207-9.998 36.204 0L192 312.69 432.095 72.596c9.997-9.997 26.207-9.997 36.204 0l36.203 36.204c9.997 9.997 9.997 26.206 0 36.204l-294.4 294.401c-9.998 9.997-26.207 9.997-36.204-.001z\"><\/path><\/svg>\t\t\t\t\t\t<\/span>\n\t\t\t\t\t\t\t\t\t\t<span class=\"elementor-icon-list-text\">Planejamento estrat\u00e9gico digital com foco em performance<\/span>\n\t\t\t\t\t\t\t\t\t<\/li>\n\t\t\t\t\t\t\t\t<li class=\"elementor-icon-list-item\">\n\t\t\t\t\t\t\t\t\t\t\t<span class=\"elementor-icon-list-icon\">\n\t\t\t\t\t\t\t<svg aria-hidden=\"true\" class=\"e-font-icon-svg e-fas-check\" viewBox=\"0 0 512 512\" xmlns=\"http:\/\/www.w3.org\/2000\/svg\"><path d=\"M173.898 439.404l-166.4-166.4c-9.997-9.997-9.997-26.206 0-36.204l36.203-36.204c9.997-9.998 26.207-9.998 36.204 0L192 312.69 432.095 72.596c9.997-9.997 26.207-9.997 36.204 0l36.203 36.204c9.997 9.997 9.997 26.206 0 36.204l-294.4 294.401c-9.998 9.997-26.207 9.997-36.204-.001z\"><\/path><\/svg>\t\t\t\t\t\t<\/span>\n\t\t\t\t\t\t\t\t\t\t<span class=\"elementor-icon-list-text\">Cria\u00e7\u00e3o de sites e landing pages responsivos e otimizados<\/span>\n\t\t\t\t\t\t\t\t\t<\/li>\n\t\t\t\t\t\t\t\t<li class=\"elementor-icon-list-item\">\n\t\t\t\t\t\t\t\t\t\t\t<span class=\"elementor-icon-list-icon\">\n\t\t\t\t\t\t\t<svg aria-hidden=\"true\" class=\"e-font-icon-svg e-fas-check\" viewBox=\"0 0 512 512\" xmlns=\"http:\/\/www.w3.org\/2000\/svg\"><path d=\"M173.898 439.404l-166.4-166.4c-9.997-9.997-9.997-26.206 0-36.204l36.203-36.204c9.997-9.998 26.207-9.998 36.204 0L192 312.69 432.095 72.596c9.997-9.997 26.207-9.997 36.204 0l36.203 36.204c9.997 9.997 9.997 26.206 0 36.204l-294.4 294.401c-9.998 9.997-26.207 9.997-36.204-.001z\"><\/path><\/svg>\t\t\t\t\t\t<\/span>\n\t\t\t\t\t\t\t\t\t\t<span class=\"elementor-icon-list-text\">Implementa\u00e7\u00e3o de CRM integrada ao time comercial<\/span>\n\t\t\t\t\t\t\t\t\t<\/li>\n\t\t\t\t\t\t\t\t<li class=\"elementor-icon-list-item\">\n\t\t\t\t\t\t\t\t\t\t\t<span class=\"elementor-icon-list-icon\">\n\t\t\t\t\t\t\t<svg aria-hidden=\"true\" class=\"e-font-icon-svg e-fas-check\" viewBox=\"0 0 512 512\" xmlns=\"http:\/\/www.w3.org\/2000\/svg\"><path d=\"M173.898 439.404l-166.4-166.4c-9.997-9.997-9.997-26.206 0-36.204l36.203-36.204c9.997-9.998 26.207-9.998 36.204 0L192 312.69 432.095 72.596c9.997-9.997 26.207-9.997 36.204 0l36.203 36.204c9.997 9.997 9.997 26.206 0 36.204l-294.4 294.401c-9.998 9.997-26.207 9.997-36.204-.001z\"><\/path><\/svg>\t\t\t\t\t\t<\/span>\n\t\t\t\t\t\t\t\t\t\t<span class=\"elementor-icon-list-text\">Gest\u00e3o e monitoramento de an\u00fancios para otimiza\u00e7\u00e3o cont\u00ednua<\/span>\n\t\t\t\t\t\t\t\t\t<\/li>\n\t\t\t\t\t\t\t\t<li class=\"elementor-icon-list-item\">\n\t\t\t\t\t\t\t\t\t\t\t<span class=\"elementor-icon-list-icon\">\n\t\t\t\t\t\t\t<svg aria-hidden=\"true\" class=\"e-font-icon-svg e-fas-check\" viewBox=\"0 0 512 512\" xmlns=\"http:\/\/www.w3.org\/2000\/svg\"><path d=\"M173.898 439.404l-166.4-166.4c-9.997-9.997-9.997-26.206 0-36.204l36.203-36.204c9.997-9.998 26.207-9.998 36.204 0L192 312.69 432.095 72.596c9.997-9.997 26.207-9.997 36.204 0l36.203 36.204c9.997 9.997 9.997 26.206 0 36.204l-294.4 294.401c-9.998 9.997-26.207 9.997-36.204-.001z\"><\/path><\/svg>\t\t\t\t\t\t<\/span>\n\t\t\t\t\t\t\t\t\t\t<span class=\"elementor-icon-list-text\">Remarketing para aumentar convers\u00e3o e reten\u00e7\u00e3o<\/span>\n\t\t\t\t\t\t\t\t\t<\/li>\n\t\t\t\t\t\t\t\t<li class=\"elementor-icon-list-item\">\n\t\t\t\t\t\t\t\t\t\t\t<span class=\"elementor-icon-list-icon\">\n\t\t\t\t\t\t\t<svg aria-hidden=\"true\" class=\"e-font-icon-svg e-fas-check\" viewBox=\"0 0 512 512\" xmlns=\"http:\/\/www.w3.org\/2000\/svg\"><path d=\"M173.898 439.404l-166.4-166.4c-9.997-9.997-9.997-26.206 0-36.204l36.203-36.204c9.997-9.998 26.207-9.998 36.204 0L192 312.69 432.095 72.596c9.997-9.997 26.207-9.997 36.204 0l36.203 36.204c9.997 9.997 9.997 26.206 0 36.204l-294.4 294.401c-9.998 9.997-26.207 9.997-36.204-.001z\"><\/path><\/svg>\t\t\t\t\t\t<\/span>\n\t\t\t\t\t\t\t\t\t\t<span class=\"elementor-icon-list-text\">Integra\u00e7\u00e3o com campanhas offline para potencializar alcance e resultados<\/span>\n\t\t\t\t\t\t\t\t\t<\/li>\n\t\t\t\t\t\t<\/ul>\n\t\t\t\t\t\t<\/div>\n\t\t\t\t<\/div>\n\t\t\t\t<div class=\"elementor-element elementor-element-1b3d03b elementor-widget elementor-widget-text-editor\" data-id=\"1b3d03b\" data-element_type=\"widget\" data-widget_type=\"text-editor.default\">\n\t\t\t\t<div class=\"elementor-widget-container\">\n\t\t\t\t\t\t\t\t\t<p><span style=\"font-weight: 400;\">Com a Bold, o marketing digital deixa de ser apenas presen\u00e7a online: ele se torna um motor de crescimento para sua marca. Seja qual for o segmento, estamos prontos para conectar sua empresa \u00e0s pessoas certas, no momento certo.<\/span><\/p>\t\t\t\t\t\t\t\t<\/div>\n\t\t\t\t<\/div>\n\t\t\t\t\t<\/div>\n\t\t\t\t<\/div>\n\t\t<div data-particle_enable=\"false\" data-particle-mobile-disabled=\"false\" class=\"elementor-element elementor-element-08fa9fa e-flex e-con-boxed e-con e-parent\" data-id=\"08fa9fa\" data-element_type=\"container\">\n\t\t\t\t\t<div class=\"e-con-inner\">\n\t\t<div data-particle_enable=\"false\" data-particle-mobile-disabled=\"false\" class=\"elementor-element elementor-element-e0e573b e-con-full e-flex e-con e-child\" data-id=\"e0e573b\" data-element_type=\"container\" data-settings=\"{&quot;background_background&quot;:&quot;classic&quot;}\">\n\t\t\t\t<div class=\"elementor-element elementor-element-8a47138 elementor-widget elementor-widget-text-editor\" data-id=\"8a47138\" data-element_type=\"widget\" data-widget_type=\"text-editor.default\">\n\t\t\t\t<div class=\"elementor-widget-container\">\n\t\t\t\t\t\t\t\t\t<p><span style=\"font-weight: 400;\">Vamos conversar? Entre em contato e descubra como podemos impulsionar seus resultados no digital.<\/span><\/p>\t\t\t\t\t\t\t\t<\/div>\n\t\t\t\t<\/div>\n\t\t\t\t<div class=\"elementor-element elementor-element-8210374 elementor-align-left elementor-tablet-align-center elementor-mobile-align-left elementor-widget elementor-widget-button\" data-id=\"8210374\" data-element_type=\"widget\" data-widget_type=\"button.default\">\n\t\t\t\t<div class=\"elementor-widget-container\">\n\t\t\t\t\t\t\t\t\t<div class=\"elementor-button-wrapper\">\n\t\t\t\t\t<a class=\"elementor-button elementor-button-link elementor-size-xs\" href=\"https:\/\/agro.boldpropaganda.com.br\/index.php\/contato\/\">\n\t\t\t\t\t\t<span class=\"elementor-button-content-wrapper\">\n\t\t\t\t\t\t\t\t\t<span class=\"elementor-button-text\">Contato<\/span>\n\t\t\t\t\t<\/span>\n\t\t\t\t\t<\/a>\n\t\t\t\t<\/div>\n\t\t\t\t\t\t\t\t<\/div>\n\t\t\t\t<\/div>\n\t\t\t\t<\/div>\n\t\t\t\t\t<\/div>\n\t\t\t\t<\/div>\n\t\t\t\t<\/div>\n\t\t","protected":false},"excerpt":{"rendered":"<p>A Bold Propaganda amplia seu portf\u00f3lio com uma frente de Marketing Digital cada vez mais robusta, conduzida por um time de especialistas certificados, com experi\u00eancia comprovada em campanhas digitais de alta performance.<\/p>\n","protected":false},"author":2,"featured_media":0,"parent":0,"menu_order":0,"comment_status":"closed","ping_status":"closed","template":"","meta":{"_joinchat":[],"footnotes":""},"class_list":["post-1149","page","type-page","status-publish","hentry"],"yoast_head":"<!-- This site is optimized with the Yoast SEO plugin v25.3 - https:\/\/yoast.com\/wordpress\/plugins\/seo\/ -->\n<title>MARKETING DIGITAL - Bold Propaganda<\/title>\n<meta name=\"robots\" content=\"index, follow, max-snippet:-1, max-image-preview:large, max-video-preview:-1\" \/>\n<link rel=\"canonical\" href=\"https:\/\/agro.boldpropaganda.com.br\/index.php\/marketing-digital\/\" \/>\n<meta property=\"og:locale\" content=\"pt_BR\" \/>\n<meta property=\"og:type\" content=\"article\" \/>\n<meta property=\"og:title\" content=\"MARKETING DIGITAL - Bold Propaganda\" \/>\n<meta property=\"og:description\" content=\"A Bold Propaganda amplia seu portf\u00f3lio com uma frente de Marketing Digital cada vez mais robusta, conduzida por um time de especialistas certificados, com experi\u00eancia comprovada em campanhas digitais de alta performance.\" \/>\n<meta property=\"og:url\" content=\"https:\/\/agro.boldpropaganda.com.br\/index.php\/marketing-digital\/\" \/>\n<meta property=\"og:site_name\" content=\"Bold Propaganda\" \/>\n<meta property=\"article:modified_time\" content=\"2025-08-29T14:39:34+00:00\" \/>\n<meta property=\"og:image\" content=\"https:\/\/boldpropaganda.com.br\/wp-content\/uploads\/2025\/08\/mao-de-obra-especializada.png\" \/>\n<meta name=\"twitter:card\" content=\"summary_large_image\" \/>\n<meta name=\"twitter:label1\" content=\"Est. tempo de leitura\" \/>\n\t<meta name=\"twitter:data1\" content=\"2 minutos\" \/>\n<script type=\"application\/ld+json\" class=\"yoast-schema-graph\">{\"@context\":\"https:\/\/schema.org\",\"@graph\":[{\"@type\":\"WebPage\",\"@id\":\"https:\/\/agro.boldpropaganda.com.br\/index.php\/marketing-digital\/\",\"url\":\"https:\/\/agro.boldpropaganda.com.br\/index.php\/marketing-digital\/\",\"name\":\"MARKETING DIGITAL - Bold Propaganda\",\"isPartOf\":{\"@id\":\"https:\/\/agro.boldpropaganda.com.br\/#website\"},\"primaryImageOfPage\":{\"@id\":\"https:\/\/agro.boldpropaganda.com.br\/index.php\/marketing-digital\/#primaryimage\"},\"image\":{\"@id\":\"https:\/\/agro.boldpropaganda.com.br\/index.php\/marketing-digital\/#primaryimage\"},\"thumbnailUrl\":\"https:\/\/boldpropaganda.com.br\/wp-content\/uploads\/2025\/08\/mao-de-obra-especializada.png\",\"datePublished\":\"2025-08-20T13:05:04+00:00\",\"dateModified\":\"2025-08-29T14:39:34+00:00\",\"breadcrumb\":{\"@id\":\"https:\/\/agro.boldpropaganda.com.br\/index.php\/marketing-digital\/#breadcrumb\"},\"inLanguage\":\"pt-BR\",\"potentialAction\":[{\"@type\":\"ReadAction\",\"target\":[\"https:\/\/agro.boldpropaganda.com.br\/index.php\/marketing-digital\/\"]}]},{\"@type\":\"ImageObject\",\"inLanguage\":\"pt-BR\",\"@id\":\"https:\/\/agro.boldpropaganda.com.br\/index.php\/marketing-digital\/#primaryimage\",\"url\":\"https:\/\/boldpropaganda.com.br\/wp-content\/uploads\/2025\/08\/mao-de-obra-especializada.png\",\"contentUrl\":\"https:\/\/boldpropaganda.com.br\/wp-content\/uploads\/2025\/08\/mao-de-obra-especializada.png\"},{\"@type\":\"BreadcrumbList\",\"@id\":\"https:\/\/agro.boldpropaganda.com.br\/index.php\/marketing-digital\/#breadcrumb\",\"itemListElement\":[{\"@type\":\"ListItem\",\"position\":1,\"name\":\"In\u00edcio\",\"item\":\"https:\/\/agro.boldpropaganda.com.br\/\"},{\"@type\":\"ListItem\",\"position\":2,\"name\":\"MARKETING DIGITAL\"}]},{\"@type\":\"WebSite\",\"@id\":\"https:\/\/agro.boldpropaganda.com.br\/#website\",\"url\":\"https:\/\/agro.boldpropaganda.com.br\/\",\"name\":\"Bold Propaganda\",\"description\":\"\",\"potentialAction\":[{\"@type\":\"SearchAction\",\"target\":{\"@type\":\"EntryPoint\",\"urlTemplate\":\"https:\/\/agro.boldpropaganda.com.br\/?s={search_term_string}\"},\"query-input\":{\"@type\":\"PropertyValueSpecification\",\"valueRequired\":true,\"valueName\":\"search_term_string\"}}],\"inLanguage\":\"pt-BR\"}]}<\/script>\n<!-- \/ Yoast SEO plugin. -->","yoast_head_json":{"title":"MARKETING DIGITAL - Bold Propaganda","robots":{"index":"index","follow":"follow","max-snippet":"max-snippet:-1","max-image-preview":"max-image-preview:large","max-video-preview":"max-video-preview:-1"},"canonical":"https:\/\/agro.boldpropaganda.com.br\/index.php\/marketing-digital\/","og_locale":"pt_BR","og_type":"article","og_title":"MARKETING DIGITAL - Bold Propaganda","og_description":"A Bold Propaganda amplia seu portf\u00f3lio com uma frente de Marketing Digital cada vez mais robusta, conduzida por um time de especialistas certificados, com experi\u00eancia comprovada em campanhas digitais de alta performance.","og_url":"https:\/\/agro.boldpropaganda.com.br\/index.php\/marketing-digital\/","og_site_name":"Bold Propaganda","article_modified_time":"2025-08-29T14:39:34+00:00","og_image":[{"url":"https:\/\/boldpropaganda.com.br\/wp-content\/uploads\/2025\/08\/mao-de-obra-especializada.png","type":"","width":"","height":""}],"twitter_card":"summary_large_image","twitter_misc":{"Est. tempo de leitura":"2 minutos"},"schema":{"@context":"https:\/\/schema.org","@graph":[{"@type":"WebPage","@id":"https:\/\/agro.boldpropaganda.com.br\/index.php\/marketing-digital\/","url":"https:\/\/agro.boldpropaganda.com.br\/index.php\/marketing-digital\/","name":"MARKETING DIGITAL - Bold Propaganda","isPartOf":{"@id":"https:\/\/agro.boldpropaganda.com.br\/#website"},"primaryImageOfPage":{"@id":"https:\/\/agro.boldpropaganda.com.br\/index.php\/marketing-digital\/#primaryimage"},"image":{"@id":"https:\/\/agro.boldpropaganda.com.br\/index.php\/marketing-digital\/#primaryimage"},"thumbnailUrl":"https:\/\/boldpropaganda.com.br\/wp-content\/uploads\/2025\/08\/mao-de-obra-especializada.png","datePublished":"2025-08-20T13:05:04+00:00","dateModified":"2025-08-29T14:39:34+00:00","breadcrumb":{"@id":"https:\/\/agro.boldpropaganda.com.br\/index.php\/marketing-digital\/#breadcrumb"},"inLanguage":"pt-BR","potentialAction":[{"@type":"ReadAction","target":["https:\/\/agro.boldpropaganda.com.br\/index.php\/marketing-digital\/"]}]},{"@type":"ImageObject","inLanguage":"pt-BR","@id":"https:\/\/agro.boldpropaganda.com.br\/index.php\/marketing-digital\/#primaryimage","url":"https:\/\/boldpropaganda.com.br\/wp-content\/uploads\/2025\/08\/mao-de-obra-especializada.png","contentUrl":"https:\/\/boldpropaganda.com.br\/wp-content\/uploads\/2025\/08\/mao-de-obra-especializada.png"},{"@type":"BreadcrumbList","@id":"https:\/\/agro.boldpropaganda.com.br\/index.php\/marketing-digital\/#breadcrumb","itemListElement":[{"@type":"ListItem","position":1,"name":"In\u00edcio","item":"https:\/\/agro.boldpropaganda.com.br\/"},{"@type":"ListItem","position":2,"name":"MARKETING DIGITAL"}]},{"@type":"WebSite","@id":"https:\/\/agro.boldpropaganda.com.br\/#website","url":"https:\/\/agro.boldpropaganda.com.br\/","name":"Bold Propaganda","description":"","potentialAction":[{"@type":"SearchAction","target":{"@type":"EntryPoint","urlTemplate":"https:\/\/agro.boldpropaganda.com.br\/?s={search_term_string}"},"query-input":{"@type":"PropertyValueSpecification","valueRequired":true,"valueName":"search_term_string"}}],"inLanguage":"pt-BR"}]}},"_links":{"self":[{"href":"https:\/\/agro.boldpropaganda.com.br\/index.php\/wp-json\/wp\/v2\/pages\/1149","targetHints":{"allow":["GET"]}}],"collection":[{"href":"https:\/\/agro.boldpropaganda.com.br\/index.php\/wp-json\/wp\/v2\/pages"}],"about":[{"href":"https:\/\/agro.boldpropaganda.com.br\/index.php\/wp-json\/wp\/v2\/types\/page"}],"author":[{"embeddable":true,"href":"https:\/\/agro.boldpropaganda.com.br\/index.php\/wp-json\/wp\/v2\/users\/2"}],"replies":[{"embeddable":true,"href":"https:\/\/agro.boldpropaganda.com.br\/index.php\/wp-json\/wp\/v2\/comments?post=1149"}],"version-history":[{"count":51,"href":"https:\/\/agro.boldpropaganda.com.br\/index.php\/wp-json\/wp\/v2\/pages\/1149\/revisions"}],"predecessor-version":[{"id":1208,"href":"https:\/\/agro.boldpropaganda.com.br\/index.php\/wp-json\/wp\/v2\/pages\/1149\/revisions\/1208"}],"wp:attachment":[{"href":"https:\/\/agro.boldpropaganda.com.br\/index.php\/wp-json\/wp\/v2\/media?parent=1149"}],"curies":[{"name":"wp","href":"https:\/\/api.w.org\/{rel}","templated":true}]}}